{"id":1487,"date":"2024-11-12T16:51:57","date_gmt":"2024-11-12T15:51:57","guid":{"rendered":"https:\/\/bibap-manufacture.com\/?page_id=1487"},"modified":"2025-11-20T14:34:24","modified_gmt":"2025-11-20T13:34:24","slug":"condiciones","status":"publish","type":"page","link":"https:\/\/bibap-manufacture.com\/es\/terms-conditions\/","title":{"rendered":"Condiciones de uso"},"content":{"rendered":"<h3 class=\"wp-block-heading\">1. Aceptaci\u00f3n de las condiciones<\/h3>\n\n\n\n<p>Al utilizar los servicios prestados por Bibap Manufacture, incluidos, entre otros, la navegaci\u00f3n por nuestro sitio web, la realizaci\u00f3n de pedidos y el acceso a contenidos, el usuario acepta cumplir y quedar vinculado por las siguientes Condiciones de servicio.<\/p>\n\n\n\n<h3 class=\"wp-block-heading\">2. Pedidos y pagos<\/h3>\n\n\n\n<ul class=\"wp-block-list\">\n<li>Usted se compromete a proporcionar informaci\u00f3n exacta y actualizada al realizar un pedido.<\/li>\n\n\n\n<li>Los pagos deben efectuarse utilizando los m\u00e9todos aceptados que se especifican en nuestro sitio web.<\/li>\n\n\n\n<li>Los pedidos est\u00e1n sujetos a aceptaci\u00f3n y disponibilidad.<\/li>\n<\/ul>\n\n\n\n<h3 class=\"wp-block-heading\">3. Env\u00edo y entrega<\/h3>\n\n\n\n<ul class=\"wp-block-list\">\n<li>Nos esforzamos por entregar los pedidos con prontitud, y los plazos de entrega son estimados. Pueden producirse retrasos debido a circunstancias imprevistas.<\/li>\n\n\n\n<li>Los gastos de env\u00edo y los plazos de entrega se indican durante el proceso de compra.<\/li>\n<\/ul>\n\n\n\n<h3 class=\"wp-block-heading\">4. 4. Devoluciones y reembolsos<\/h3>\n\n\n\n<ul class=\"wp-block-list\">\n<li>Consulte nuestro \"<a href=\"https:\/\/bibap-manufacture.com\/es\/refund_returns\/\">Pol\u00edtica de devoluciones<\/a>\" para obtener informaci\u00f3n sobre devoluciones y reembolsos.<\/li>\n<\/ul>\n\n\n\n<h3 class=\"wp-block-heading\">5. 5. Informaci\u00f3n sobre el producto<\/h3>\n\n\n\n<ul class=\"wp-block-list\">\n<li>Nos esforzamos por ofrecer descripciones exactas de los productos, pero no garantizamos que las descripciones de los productos u otros contenidos de nuestro sitio est\u00e9n libres de errores.<\/li>\n\n\n\n<li>Por favor, revise los detalles del producto antes de realizar una compra.<\/li>\n<\/ul>\n\n\n\n<h3 class=\"wp-block-heading\">6. 6. Pol\u00edtica de privacidad<\/h3>\n\n\n\n<ul class=\"wp-block-list\">\n<li>El uso de nuestros servicios tambi\u00e9n se rige por nuestra Pol\u00edtica de privacidad, que puede consultarse en&nbsp;<a href=\"https:\/\/bibap-manufacture.com\/es\/politica-de-privacidad\/\">Pol\u00edtica de privacidad<\/a>.<\/li>\n<\/ul>\n\n\n\n<h3 class=\"wp-block-heading\">7. 7. Propiedad intelectual<\/h3>\n\n\n\n<ul class=\"wp-block-list\">\n<li>Todo el contenido, las marcas comerciales y la propiedad intelectual de nuestro sitio son propiedad de Bibap Manufacture . El uso no autorizado est\u00e1 estrictamente prohibido.<\/li>\n<\/ul>\n\n\n\n<h3 class=\"wp-block-heading\">8. 8. Exenci\u00f3n de responsabilidad<\/h3>\n\n\n\n<ul class=\"wp-block-list\">\n<li>Bibap Manufacture no se hace responsable de ning\u00fan da\u00f1o indirecto, incidental o consecuente derivado del uso de nuestros servicios.<\/li>\n<\/ul>\n\n\n\n<h3 class=\"wp-block-heading\">9. Derecho aplicable<\/h3>\n\n\n\n<ul class=\"wp-block-list\">\n<li>Estas Condiciones del servicio se rigen e interpretan de acuerdo con las leyes de Espa\u00f1a.<\/li>\n<\/ul>\n\n\n\n<h3 class=\"wp-block-heading\">10. Cambios en las condiciones<\/h3>\n\n\n\n<ul class=\"wp-block-list\">\n<li>Bibap Manufacture se reserva el derecho de modificar o actualizar estas Condiciones de servicio. Cualquier cambio ser\u00e1 efectivo inmediatamente despu\u00e9s de su publicaci\u00f3n en nuestro sitio web.<\/li>\n<\/ul>\n\n\n\n<h3 class=\"wp-block-heading\">11. Informaci\u00f3n de contacto<\/h3>\n\n\n\n<ul class=\"wp-block-list\">\n<li>Para cualquier pregunta o duda relacionada con estas Condiciones de servicio, p\u00f3ngase en contacto con nosotros en <a href=\"mailto:office@bibap-manufacture.com\" target=\"_blank\" rel=\"noreferrer noopener\">office@bibap-manufacture.com<\/a>.<\/li>\n<\/ul>","protected":false},"excerpt":{"rendered":"<p>1. Acceptance of Terms By using the services provided by Bibap Manufacture, including but not limited to browsing our website, placing orders, and accessing content, you agree to comply with and be bound by the following Terms of Service. 2. Ordering and Payments 3. Shipping and Delivery 4. Returns and Refunds 5. Product Information 6. [&hellip;]<\/p>\n","protected":false},"author":2,"featured_media":721,"parent":0,"menu_order":0,"comment_status":"closed","ping_status":"closed","template":"","meta":{"_acf_changed":false,"_surecart_dashboard_logo_width":"180px","_surecart_dashboard_show_logo":true,"_surecart_dashboard_navigation_orders":true,"_surecart_dashboard_navigation_invoices":true,"_surecart_dashboard_navigation_subscriptions":true,"_surecart_dashboard_navigation_downloads":true,"_surecart_dashboard_navigation_billing":true,"_surecart_dashboard_navigation_account":true,"iawp_total_views":13,"footnotes":""},"hf_cat_page":[17],"class_list":["post-1487","page","type-page","status-publish","has-post-thumbnail","hentry"],"acf":[],"_links":{"self":[{"href":"https:\/\/bibap-manufacture.com\/es\/wp-json\/wp\/v2\/pages\/1487","targetHints":{"allow":["GET"]}}],"collection":[{"href":"https:\/\/bibap-manufacture.com\/es\/wp-json\/wp\/v2\/pages"}],"about":[{"href":"https:\/\/bibap-manufacture.com\/es\/wp-json\/wp\/v2\/types\/page"}],"author":[{"embeddable":true,"href":"https:\/\/bibap-manufacture.com\/es\/wp-json\/wp\/v2\/users\/2"}],"replies":[{"embeddable":true,"href":"https:\/\/bibap-manufacture.com\/es\/wp-json\/wp\/v2\/comments?post=1487"}],"version-history":[{"count":0,"href":"https:\/\/bibap-manufacture.com\/es\/wp-json\/wp\/v2\/pages\/1487\/revisions"}],"wp:featuredmedia":[{"embeddable":true,"href":"https:\/\/bibap-manufacture.com\/es\/wp-json\/wp\/v2\/media\/721"}],"wp:attachment":[{"href":"https:\/\/bibap-manufacture.com\/es\/wp-json\/wp\/v2\/media?parent=1487"}],"wp:term":[{"taxonomy":"hf_cat_page","embeddable":true,"href":"https:\/\/bibap-manufacture.com\/es\/wp-json\/wp\/v2\/hf_cat_page?post=1487"}],"curies":[{"name":"wp","href":"https:\/\/api.w.org\/{rel}","templated":true}]}}