{"id":1481,"date":"2024-11-12T16:52:08","date_gmt":"2024-11-12T15:52:08","guid":{"rendered":"https:\/\/bibap-manufacture.com\/?page_id=1481"},"modified":"2025-08-06T16:40:04","modified_gmt":"2025-08-06T14:40:04","slug":"politica-de-reembolso","status":"publish","type":"page","link":"https:\/\/bibap-manufacture.com\/es\/refund-policy\/","title":{"rendered":"Reembolso"},"content":{"rendered":"<h2 class=\"wp-block-heading\"><strong>Pol\u00edtica de devoluciones y reembolsos<\/strong><\/h2>\n\n\n\n<p>De acuerdo con el art\u00edculo 103 de la Ley espa\u00f1ola (Real Decreto-Ley 1\/2007), los productos alimenticios vendidos a trav\u00e9s de BiBap-manufacture.com no pueden cambiarse despu\u00e9s de la entrega, ya que son bienes perecederos que pueden estropearse o caducar r\u00e1pidamente.<\/p>\n\n\n\n<p>Si un producto llega da\u00f1ado o en mal estado, p\u00f3ngase en contacto con nosotros en las 24 horas siguientes a la recepci\u00f3n de la entrega para que podamos ofrecerle una soluci\u00f3n adecuada.<\/p>\n\n\n\n<h2 class=\"wp-block-heading\"><strong>Embalaje da\u00f1ado o defectuoso<\/strong><\/h2>\n\n\n\n<p>Si su pedido llega da\u00f1ado o en mal estado, env\u00edenos un correo electr\u00f3nico a <em>office@bibap-manufacture.com <\/em>en las 24 horas siguientes a la recepci\u00f3n del pedido. Incluye una foto y la confirmaci\u00f3n del pedido. Trabajaremos con usted para encontrar una soluci\u00f3n adecuada, que puede incluir la sustituci\u00f3n o el reembolso, dependiendo del problema.<\/p>\n\n\n\n<h2 class=\"wp-block-heading\"><strong>\u00bfNECESITAS AYUDA?<\/strong><\/h2>\n\n\n\n<p>P\u00f3ngase en contacto con nosotros en <em>office@bibap-manufacture.com<\/em> para cuestiones relacionadas con reembolsos y devoluciones.<\/p>\n\n\n\n<p><\/p>","protected":false},"excerpt":{"rendered":"<p>Refund &amp; Return Policy According to article 103 of the Spanish Law (Royal Decree-Law 1\/2007), food products sold through BiBap-manufacture.com cannot be exchanged after delivery, as they are perishable goods that can spoil or expire quickly. If a product arrives damaged or in poor condition, please contact us within 24 hours of receiving the delivery [&hellip;]<\/p>\n","protected":false},"author":2,"featured_media":1193,"parent":0,"menu_order":0,"comment_status":"closed","ping_status":"closed","template":"","meta":{"_acf_changed":false,"_surecart_dashboard_logo_width":"180px","_surecart_dashboard_show_logo":true,"_surecart_dashboard_navigation_orders":true,"_surecart_dashboard_navigation_invoices":true,"_surecart_dashboard_navigation_subscriptions":true,"_surecart_dashboard_navigation_downloads":true,"_surecart_dashboard_navigation_billing":true,"_surecart_dashboard_navigation_account":true,"iawp_total_views":17,"footnotes":""},"hf_cat_page":[17],"class_list":["post-1481","page","type-page","status-publish","has-post-thumbnail","hentry"],"acf":[],"_links":{"self":[{"href":"https:\/\/bibap-manufacture.com\/es\/wp-json\/wp\/v2\/pages\/1481","targetHints":{"allow":["GET"]}}],"collection":[{"href":"https:\/\/bibap-manufacture.com\/es\/wp-json\/wp\/v2\/pages"}],"about":[{"href":"https:\/\/bibap-manufacture.com\/es\/wp-json\/wp\/v2\/types\/page"}],"author":[{"embeddable":true,"href":"https:\/\/bibap-manufacture.com\/es\/wp-json\/wp\/v2\/users\/2"}],"replies":[{"embeddable":true,"href":"https:\/\/bibap-manufacture.com\/es\/wp-json\/wp\/v2\/comments?post=1481"}],"version-history":[{"count":0,"href":"https:\/\/bibap-manufacture.com\/es\/wp-json\/wp\/v2\/pages\/1481\/revisions"}],"wp:featuredmedia":[{"embeddable":true,"href":"https:\/\/bibap-manufacture.com\/es\/wp-json\/wp\/v2\/media\/1193"}],"wp:attachment":[{"href":"https:\/\/bibap-manufacture.com\/es\/wp-json\/wp\/v2\/media?parent=1481"}],"wp:term":[{"taxonomy":"hf_cat_page","embeddable":true,"href":"https:\/\/bibap-manufacture.com\/es\/wp-json\/wp\/v2\/hf_cat_page?post=1481"}],"curies":[{"name":"wp","href":"https:\/\/api.w.org\/{rel}","templated":true}]}}