{"id":1487,"date":"2024-11-12T16:51:57","date_gmt":"2024-11-12T15:51:57","guid":{"rendered":"https:\/\/bibap-manufacture.com\/?page_id=1487"},"modified":"2025-11-20T14:34:24","modified_gmt":"2025-11-20T13:34:24","slug":"bedingungen","status":"publish","type":"page","link":"https:\/\/bibap-manufacture.com\/de\/terms-conditions\/","title":{"rendered":"Bedingungen der Dienstleistung"},"content":{"rendered":"<h3 class=\"wp-block-heading\">1. Akzeptanz der Bedingungen<\/h3>\n\n\n\n<p>Durch die Nutzung der von Bibap Manufacture angebotenen Dienstleistungen, einschlie\u00dflich, aber nicht beschr\u00e4nkt auf das Durchsuchen unserer Website, das Aufgeben von Bestellungen und den Zugriff auf Inhalte, erkl\u00e4ren Sie sich mit den folgenden Nutzungsbedingungen einverstanden und sind an diese gebunden.<\/p>\n\n\n\n<h3 class=\"wp-block-heading\">2. Bestellung und Zahlung<\/h3>\n\n\n\n<ul class=\"wp-block-list\">\n<li>Sie verpflichten sich, bei der Aufgabe einer Bestellung genaue und aktuelle Angaben zu machen.<\/li>\n\n\n\n<li>Die Zahlungen m\u00fcssen mit den auf unserer Website angegebenen Zahlungsmitteln erfolgen.<\/li>\n\n\n\n<li>Bestellungen sind vorbehaltlich der Annahme und Verf\u00fcgbarkeit.<\/li>\n<\/ul>\n\n\n\n<h3 class=\"wp-block-heading\">3. Versand und Lieferung<\/h3>\n\n\n\n<ul class=\"wp-block-list\">\n<li>Wir bem\u00fchen uns, Bestellungen umgehend auszuliefern, und die Lieferzeiten sind gesch\u00e4tzt. Aufgrund unvorhergesehener Umst\u00e4nde kann es zu Verz\u00f6gerungen kommen.<\/li>\n\n\n\n<li>Die Versandkosten und Lieferzeiten werden w\u00e4hrend des Bestellvorgangs angegeben.<\/li>\n<\/ul>\n\n\n\n<h3 class=\"wp-block-heading\">4. R\u00fccksendungen und Erstattungen<\/h3>\n\n\n\n<ul class=\"wp-block-list\">\n<li>Siehe unser \"<a href=\"https:\/\/bibap-manufacture.com\/de\/refund_returns\/\">R\u00fcckgabepolitik<\/a>\" f\u00fcr Einzelheiten zu R\u00fccksendungen und Erstattungen.<\/li>\n<\/ul>\n\n\n\n<h3 class=\"wp-block-heading\">5. Produktinformation<\/h3>\n\n\n\n<ul class=\"wp-block-list\">\n<li>Wir bem\u00fchen uns, genaue Produktbeschreibungen zu liefern, aber wir garantieren nicht, dass Produktbeschreibungen oder andere Inhalte auf unserer Website fehlerfrei sind.<\/li>\n\n\n\n<li>Bitte \u00fcberpr\u00fcfen Sie die Produktdetails, bevor Sie einen Kauf t\u00e4tigen.<\/li>\n<\/ul>\n\n\n\n<h3 class=\"wp-block-heading\">6. Datenschutz<\/h3>\n\n\n\n<ul class=\"wp-block-list\">\n<li>Ihre Nutzung unserer Dienste unterliegt auch unserer Datenschutzrichtlinie, die Sie unter folgender Adresse finden k\u00f6nnen&nbsp;<a href=\"https:\/\/bibap-manufacture.com\/de\/datenschutzbestimmungen\/\">Datenschutzerkl\u00e4rung<\/a>.<\/li>\n<\/ul>\n\n\n\n<h3 class=\"wp-block-heading\">7. Geistiges Eigentum<\/h3>\n\n\n\n<ul class=\"wp-block-list\">\n<li>Alle Inhalte, Marken und das geistige Eigentum auf unserer Website sind Eigentum von Bibap Manufacture . Die nicht autorisierte Nutzung ist strengstens untersagt.<\/li>\n<\/ul>\n\n\n\n<h3 class=\"wp-block-heading\">8. Haftungsverzicht<\/h3>\n\n\n\n<ul class=\"wp-block-list\">\n<li>Bibap Manufacture haftet nicht f\u00fcr indirekte, zuf\u00e4llige oder Folgesch\u00e4den, die sich aus der Nutzung unserer Dienstleistungen ergeben.<\/li>\n<\/ul>\n\n\n\n<h3 class=\"wp-block-heading\">9. Geltendes Recht<\/h3>\n\n\n\n<ul class=\"wp-block-list\">\n<li>Diese Nutzungsbedingungen unterliegen den Gesetzen Spaniens und werden in \u00dcbereinstimmung mit diesen ausgelegt.<\/li>\n<\/ul>\n\n\n\n<h3 class=\"wp-block-heading\">10. \u00c4nderungen der Bedingungen<\/h3>\n\n\n\n<ul class=\"wp-block-list\">\n<li>Bibap Manufacture beh\u00e4lt sich das Recht vor, diese Servicebedingungen zu \u00e4ndern oder zu aktualisieren. Jegliche \u00c4nderungen werden sofort nach Ver\u00f6ffentlichung auf unserer Website wirksam.<\/li>\n<\/ul>\n\n\n\n<h3 class=\"wp-block-heading\">11. Kontaktinformationen<\/h3>\n\n\n\n<ul class=\"wp-block-list\">\n<li>Wenn Sie Fragen oder Bedenken bez\u00fcglich dieser Nutzungsbedingungen haben, kontaktieren Sie uns bitte unter <a href=\"mailto:office@bibap-manufacture.com\" target=\"_blank\" rel=\"noreferrer noopener\">office@bibap-manufacture.com<\/a>.<\/li>\n<\/ul>","protected":false},"excerpt":{"rendered":"<p>1. Acceptance of Terms By using the services provided by Bibap Manufacture, including but not limited to browsing our website, placing orders, and accessing content, you agree to comply with and be bound by the following Terms of Service. 2. Ordering and Payments 3. Shipping and Delivery 4. Returns and Refunds 5. Product Information 6. [&hellip;]<\/p>\n","protected":false},"author":2,"featured_media":721,"parent":0,"menu_order":0,"comment_status":"closed","ping_status":"closed","template":"","meta":{"_acf_changed":false,"_surecart_dashboard_logo_width":"180px","_surecart_dashboard_show_logo":true,"_surecart_dashboard_navigation_orders":true,"_surecart_dashboard_navigation_invoices":true,"_surecart_dashboard_navigation_subscriptions":true,"_surecart_dashboard_navigation_downloads":true,"_surecart_dashboard_navigation_billing":true,"_surecart_dashboard_navigation_account":true,"iawp_total_views":14,"footnotes":""},"hf_cat_page":[17],"class_list":["post-1487","page","type-page","status-publish","has-post-thumbnail","hentry"],"acf":[],"_links":{"self":[{"href":"https:\/\/bibap-manufacture.com\/de\/wp-json\/wp\/v2\/pages\/1487","targetHints":{"allow":["GET"]}}],"collection":[{"href":"https:\/\/bibap-manufacture.com\/de\/wp-json\/wp\/v2\/pages"}],"about":[{"href":"https:\/\/bibap-manufacture.com\/de\/wp-json\/wp\/v2\/types\/page"}],"author":[{"embeddable":true,"href":"https:\/\/bibap-manufacture.com\/de\/wp-json\/wp\/v2\/users\/2"}],"replies":[{"embeddable":true,"href":"https:\/\/bibap-manufacture.com\/de\/wp-json\/wp\/v2\/comments?post=1487"}],"version-history":[{"count":0,"href":"https:\/\/bibap-manufacture.com\/de\/wp-json\/wp\/v2\/pages\/1487\/revisions"}],"wp:featuredmedia":[{"embeddable":true,"href":"https:\/\/bibap-manufacture.com\/de\/wp-json\/wp\/v2\/media\/721"}],"wp:attachment":[{"href":"https:\/\/bibap-manufacture.com\/de\/wp-json\/wp\/v2\/media?parent=1487"}],"wp:term":[{"taxonomy":"hf_cat_page","embeddable":true,"href":"https:\/\/bibap-manufacture.com\/de\/wp-json\/wp\/v2\/hf_cat_page?post=1487"}],"curies":[{"name":"wp","href":"https:\/\/api.w.org\/{rel}","templated":true}]}}