{"id":1486,"date":"2024-11-12T16:52:36","date_gmt":"2024-11-12T15:52:36","guid":{"rendered":"https:\/\/bibap-manufacture.com\/?page_id=1486"},"modified":"2025-11-02T20:25:06","modified_gmt":"2025-11-02T19:25:06","slug":"impressum","status":"publish","type":"page","link":"https:\/\/bibap-manufacture.com\/de\/imprint\/","title":{"rendered":"Impressum"},"content":{"rendered":"<h2 class=\"wp-block-heading\">Adresse<\/h2>\r\n<!-- \/wp:post-content -->\r\n\r\n<!-- wp:paragraph -->\r\n<p><strong>BB Mallorca S.L.<\/strong><\/p>\r\n<!-- \/wp:paragraph -->\r\n\r\n<!-- wp:paragraph -->\r\n<p>Pla\u00e7a del Mercat, 4 07001 Palma de Mallorca<\/p>\r\n<!-- \/wp:paragraph -->\r\n\r\n<!-- wp:paragraph -->\r\n<p>Islas Baleares \/ Espa\u00f1a ( Balearische Inseln \/ Spanien )<\/p>\r\n<!-- \/wp:paragraph -->\r\n\r\n<!-- wp:paragraph -->\r\n<p>TAX-ID: ESB 57650236<\/p>\r\n<!-- \/wp:paragraph -->\r\n\r\n<!-- wp:heading -->\r\n<h2 class=\"wp-block-heading\">Kontakt<\/h2>\r\n<!-- \/wp:heading -->\r\n\r\n<!-- wp:paragraph -->\r\n<p>WhatsApp: 0034 - 628 111 782<\/p>\r\n<!-- \/wp:paragraph -->\r\n\r\n<!-- wp:paragraph -->\r\n<p><a href=\"mailto:office@bibap-manufacture.com\" target=\"_blank\" rel=\"noreferrer noopener\">office@bibap-manufacture.com<\/a><\/p>\r\n<!-- \/wp:paragraph -->\r\n\r\n<!-- wp:heading -->\r\n<h2 class=\"wp-block-heading\">Ansprechpartner<\/h2>\r\n<!-- \/wp:heading -->\r\n\r\n<!-- wp:paragraph -->\r\n<p>Yangsun Dieckmeyer<\/p>\r\n<!-- \/wp:paragraph -->\r\n\r\n<!-- wp:heading -->\r\n<h2 class=\"wp-block-heading\">Bildnachweis<\/h2>\r\n<!-- \/wp:heading -->\r\n\r\n<!-- wp:paragraph -->\r\n<p>F\u00fcr einige Bilder auf dieser Website gelten die folgenden Lizenzen:<\/p>\r\n<!-- \/wp:paragraph -->\r\n\r\n<!-- wp:list -->\r\n<ul class=\"wp-block-list\"><!-- wp:list-item -->\r\n<li>Lara Jameson,\u00a0<a href=\"https:\/\/www.pexels.com\/photo\/man-in-white-t-shirt-holding-green-box-9324359\/\" target=\"_blank\" rel=\"noopener noreferrer nofollow\">Mann in wei\u00dfem T-Shirt h\u00e4lt gr\u00fcne Schachtel<\/a>\u00a0(CC0-Lizenz)<\/li>\r\n<!-- \/wp:list-item -->\r\n\r\n<!-- wp:list-item -->\r\n<li>Akil Mazumder,\u00a0<a href=\"https:\/\/www.pexels.com\/photo\/person-holding-a-green-plant-1072824\/\" target=\"_blank\" rel=\"noopener noreferrer nofollow\">Person h\u00e4lt eine Gr\u00fcnpflanze<\/a>\u00a0(CC0-Lizenz)<\/li>\r\n<!-- \/wp:list-item -->\r\n\r\n<!-- wp:list-item -->\r\n<li>Karolina Grabowska,\u00a0<a href=\"https:\/\/www.pexels.com\/photo\/carton-boxes-and-stacked-books-on-table-4498124\/\" target=\"_blank\" rel=\"noopener noreferrer nofollow\">Kartons und gestapelte B\u00fccher auf dem Tisch<\/a>\u00a0(CC0-Lizenz)<\/li>\r\n<!-- \/wp:list-item -->\r\n\r\n<!-- wp:list-item -->\r\n<li>Karolina Grabowska,\u00a0<a href=\"https:\/\/www.pexels.com\/photo\/person-in-white-shirt-holding-black-headphones-5239913\/\" target=\"_blank\" rel=\"noopener noreferrer nofollow\">Person in wei\u00dfem Hemd mit schwarzen Kopfh\u00f6rern\u00a0<\/a>(CC0-Lizenz)<\/li>\r\n<!-- \/wp:list-item -->\r\n\r\n<!-- wp:list-item -->\r\n<li>Pixabay,\u00a0<a href=\"https:\/\/www.pexels.com\/photo\/gold-padlock-locking-door-164425\/\" target=\"_blank\" rel=\"noopener noreferrer nofollow\">Gold Vorh\u00e4ngeschloss Schlie\u00dfung T\u00fcr<\/a>\u00a0(CC0-Lizenz)<\/li>\r\n<!-- \/wp:list-item -->\r\n\r\n<!-- wp:list-item -->\r\n<li>Tima Miroshnichenko,\u00a0<a href=\"https:\/\/www.pexels.com\/photo\/man-wearing-jacket-inside-the-car-6169141\/\" target=\"_blank\" rel=\"noopener noreferrer nofollow\">Mann mit Jacke im Auto\u00a0<\/a>(CC0-Lizenz)<\/li>\r\n<!-- \/wp:list-item -->\r\n\r\n<!-- wp:list-item -->\r\n<li>Gustavo Fring,\u00a0<a href=\"https:\/\/www.pexels.com\/photo\/delivery-man-carrying-a-box-from-a-truck-6699421\/\" target=\"_blank\" rel=\"noopener noreferrer nofollow\">Zusteller tr\u00e4gt Box\u00a0<\/a>(CC0-Lizenz)<\/li>\r\n<!-- \/wp:list-item -->\r\n\r\n<!-- wp:list-item -->\r\n<li>Bibap-Herstellung, \"Kimchi-Zubereitungsprozess\" erstellt mit DALL-E von OpenAI<\/li>\r\n<!-- \/wp:list-item -->\r\n\r\n<!-- wp:list-item -->\r\n<li>Bibap Manufaktur, \"Koreanische Produkte in mallorquinischer Landschaft\" erstellt mit DALL-E von OpenAI<\/li>\r\n<!-- \/wp:list-item -->\r\n\r\n<!-- wp:list-item -->\r\n<li>Ketut Subiyanto,\u00a0<a href=\"https:\/\/www.pexels.com\/de-de\/foto\/gelb-professionell-box-paket-4246111\/\" target=\"_blank\" rel=\"noopener noreferrer nofollow\">Box mit Klebeband<\/a>\u00a0(CC0-Lizenz)<\/li>\r\n<!-- \/wp:list-item -->\r\n\r\n<!-- wp:list-item -->\r\n<li>Sanga-Park,\u00a0<a href=\"https:\/\/www.istockphoto.com\/photo\/jangdokdae-korean-traditional-jars-platform-for-crocks-of-sauces-and-condiments-at-gm1318429394-405561266\" target=\"_blank\" rel=\"noopener noreferrer nofollow\">Koreanische traditionelle Kr\u00fcge<\/a>\u00a0(geb\u00fchrenfrei)<\/li>\r\n<!-- \/wp:list-item -->\r\n\r\n<!-- wp:list-item -->\r\n<li>Joan Costa,\u00a0<a href=\"https:\/\/www.pexels.com\/es-es\/foto\/paisaje-mallorca-mar-azul-mar-mediterraneo-3379690\/\" target=\"_blank\" rel=\"noopener noreferrer nofollow\">Mallorca Blaues Meer<\/a>\u00a0(CC0-Lizenz)<\/li>\r\n<!-- \/wp:list-item --><\/ul>\r\n<!-- \/wp:list -->\r\n\r\n<!-- wp:paragraph -->\r\n<p>Alle anderen Bilder unterliegen den jeweiligen Urheberrechten der Fotografen.<\/p>","protected":false},"excerpt":{"rendered":"<p>Address BB Mallorca S.L. Pla\u00e7a del Mercat, 4 07001 Palma de Mallorca Islas Baleares \/ Espa\u00f1a ( Baleric Island \/ Spain ) TAX-ID: ESB 57650236 Contact WhatsApp: 0034 \u2013 628 111 782 office@bibap-manufacture.com Representative Yangsun Dieckmeyer Image Credits Some images on this website are subject to the following licenses: Lara Jameson,\u00a0Man in White T-shirt Holding [&hellip;]<\/p>\n","protected":false},"author":2,"featured_media":3735,"parent":0,"menu_order":0,"comment_status":"closed","ping_status":"closed","template":"","meta":{"_acf_changed":false,"_surecart_dashboard_logo_width":"180px","_surecart_dashboard_show_logo":true,"_surecart_dashboard_navigation_orders":true,"_surecart_dashboard_navigation_invoices":true,"_surecart_dashboard_navigation_subscriptions":true,"_surecart_dashboard_navigation_downloads":true,"_surecart_dashboard_navigation_billing":true,"_surecart_dashboard_navigation_account":true,"iawp_total_views":61,"footnotes":""},"hf_cat_page":[18],"class_list":["post-1486","page","type-page","status-publish","has-post-thumbnail","hentry"],"acf":[],"_links":{"self":[{"href":"https:\/\/bibap-manufacture.com\/de\/wp-json\/wp\/v2\/pages\/1486","targetHints":{"allow":["GET"]}}],"collection":[{"href":"https:\/\/bibap-manufacture.com\/de\/wp-json\/wp\/v2\/pages"}],"about":[{"href":"https:\/\/bibap-manufacture.com\/de\/wp-json\/wp\/v2\/types\/page"}],"author":[{"embeddable":true,"href":"https:\/\/bibap-manufacture.com\/de\/wp-json\/wp\/v2\/users\/2"}],"replies":[{"embeddable":true,"href":"https:\/\/bibap-manufacture.com\/de\/wp-json\/wp\/v2\/comments?post=1486"}],"version-history":[{"count":0,"href":"https:\/\/bibap-manufacture.com\/de\/wp-json\/wp\/v2\/pages\/1486\/revisions"}],"wp:featuredmedia":[{"embeddable":true,"href":"https:\/\/bibap-manufacture.com\/de\/wp-json\/wp\/v2\/media\/3735"}],"wp:attachment":[{"href":"https:\/\/bibap-manufacture.com\/de\/wp-json\/wp\/v2\/media?parent=1486"}],"wp:term":[{"taxonomy":"hf_cat_page","embeddable":true,"href":"https:\/\/bibap-manufacture.com\/de\/wp-json\/wp\/v2\/hf_cat_page?post=1486"}],"curies":[{"name":"wp","href":"https:\/\/api.w.org\/{rel}","templated":true}]}}