{"id":1481,"date":"2024-11-12T16:52:08","date_gmt":"2024-11-12T15:52:08","guid":{"rendered":"https:\/\/bibap-manufacture.com\/?page_id=1481"},"modified":"2025-08-06T16:40:04","modified_gmt":"2025-08-06T14:40:04","slug":"erstattungsrichtlinie","status":"publish","type":"page","link":"https:\/\/bibap-manufacture.com\/de\/refund-policy\/","title":{"rendered":"R\u00fcckgaberecht"},"content":{"rendered":"<h2 class=\"wp-block-heading\"><strong>R\u00fcckerstattung &amp; R\u00fcckgabebedingungen<\/strong><\/h2>\n\n\n\n<p>Gem\u00e4\u00df Artikel 103 des spanischen Gesetzes (K\u00f6nigliches Gesetzesdekret 1\/2007) k\u00f6nnen die \u00fcber BiBap-manufacture.com verkauften Lebensmittel nach der Lieferung nicht mehr umgetauscht werden, da es sich um verderbliche Waren handelt, die schnell verderben oder ablaufen k\u00f6nnen.<\/p>\n\n\n\n<p>Sollte ein Produkt besch\u00e4digt oder in schlechtem Zustand bei dir ankommen, kontaktiere uns bitte innerhalb von 24 Stunden nach Erhalt der Lieferung, damit wir eine geeignete L\u00f6sung anbieten k\u00f6nnen.<\/p>\n\n\n\n<h2 class=\"wp-block-heading\"><strong>Besch\u00e4digte oder mangelhafte Verpackung<\/strong><\/h2>\n\n\n\n<p>Wenn deine Bestellung besch\u00e4digt oder in schlechtem Zustand ankommt, sende uns bitte eine E-Mail an <em>office@bibap-manufacture.com <\/em>innerhalb von 24 Stunden nach Erhalt deiner Lieferung. Bitte f\u00fcge ein Foto und deine Auftragsbest\u00e4tigung bei. Wir werden gemeinsam eine geeignete L\u00f6sung finden, die je nach Problem einen Ersatz oder eine R\u00fcckerstattung beinhalten kann.<\/p>\n\n\n\n<h2 class=\"wp-block-heading\"><strong>BRAUCHEN SIE HILFE?<\/strong><\/h2>\n\n\n\n<p>Kontaktiere uns unter <em>office@bibap-manufacture.com<\/em> f\u00fcr Fragen im Zusammenhang mit Erstattungen und R\u00fcckgaben.<\/p>\n\n\n\n<p><\/p>","protected":false},"excerpt":{"rendered":"<p>Refund &amp; Return Policy According to article 103 of the Spanish Law (Royal Decree-Law 1\/2007), food products sold through BiBap-manufacture.com cannot be exchanged after delivery, as they are perishable goods that can spoil or expire quickly. If a product arrives damaged or in poor condition, please contact us within 24 hours of receiving the delivery [&hellip;]<\/p>\n","protected":false},"author":2,"featured_media":1193,"parent":0,"menu_order":0,"comment_status":"closed","ping_status":"closed","template":"","meta":{"_acf_changed":false,"_surecart_dashboard_logo_width":"180px","_surecart_dashboard_show_logo":true,"_surecart_dashboard_navigation_orders":true,"_surecart_dashboard_navigation_invoices":true,"_surecart_dashboard_navigation_subscriptions":true,"_surecart_dashboard_navigation_downloads":true,"_surecart_dashboard_navigation_billing":true,"_surecart_dashboard_navigation_account":true,"iawp_total_views":18,"footnotes":""},"hf_cat_page":[17],"class_list":["post-1481","page","type-page","status-publish","has-post-thumbnail","hentry"],"acf":[],"_links":{"self":[{"href":"https:\/\/bibap-manufacture.com\/de\/wp-json\/wp\/v2\/pages\/1481","targetHints":{"allow":["GET"]}}],"collection":[{"href":"https:\/\/bibap-manufacture.com\/de\/wp-json\/wp\/v2\/pages"}],"about":[{"href":"https:\/\/bibap-manufacture.com\/de\/wp-json\/wp\/v2\/types\/page"}],"author":[{"embeddable":true,"href":"https:\/\/bibap-manufacture.com\/de\/wp-json\/wp\/v2\/users\/2"}],"replies":[{"embeddable":true,"href":"https:\/\/bibap-manufacture.com\/de\/wp-json\/wp\/v2\/comments?post=1481"}],"version-history":[{"count":0,"href":"https:\/\/bibap-manufacture.com\/de\/wp-json\/wp\/v2\/pages\/1481\/revisions"}],"wp:featuredmedia":[{"embeddable":true,"href":"https:\/\/bibap-manufacture.com\/de\/wp-json\/wp\/v2\/media\/1193"}],"wp:attachment":[{"href":"https:\/\/bibap-manufacture.com\/de\/wp-json\/wp\/v2\/media?parent=1481"}],"wp:term":[{"taxonomy":"hf_cat_page","embeddable":true,"href":"https:\/\/bibap-manufacture.com\/de\/wp-json\/wp\/v2\/hf_cat_page?post=1481"}],"curies":[{"name":"wp","href":"https:\/\/api.w.org\/{rel}","templated":true}]}}